{"id":2,"date":"2015-04-09T09:20:02","date_gmt":"2015-04-09T08:20:02","guid":{"rendered":"http:\/\/2019.automnemusicalduvesinet.fr\/?page_id=2"},"modified":"2022-02-04T10:45:28","modified_gmt":"2022-02-04T09:45:28","slug":"maurice-denis","status":"publish","type":"page","link":"http:\/\/2019.automnemusicalduvesinet.fr\/?page_id=2","title":{"rendered":"Maurice Denis"},"content":{"rendered":"<h1>Maurice Denis<\/h1>\n<p><span style=\"color: #008000; font-size: 20px;\">&#8220;La musique, de plus en plus a sur ma sensibilit\u00e9 un grand pouvoir&#8221;<\/span><\/p>\n<p><em><span style=\"font-size: 16px;\">Maurice Denis<\/span><\/em><\/p>\n<p>Fils d\u2019un employ\u00e9 de la Compagnie des Chemins de Fer de l\u2019Ouest et d\u2019une modiste, Maurice Denis na\u00eet le 25 novembre 1870 \u00e0 Granville dans la Manche, lors d\u2019une mission qu\u2019effectue son p\u00e8re. Ses parents sont install\u00e9s \u00e0 <strong>Saint-Germain-en-Laye<\/strong> o\u00f9 il r\u00e9sidera toute sa vie, tout en faisant de fr\u00e9quents s\u00e9jours en Bretagne et en Italie.<\/p>\n<div class=\"main\">\n<p><a href=\"http:\/\/2019.automnemusicalduvesinet.fr\/wp-content\/uploads\/2015\/04\/Maurice-Denis.jpg\"><img loading=\"lazy\" class=\"alignleft wp-image-858 size-medium\" style=\"border: 1px solid #000000;\" src=\"http:\/\/2019.automnemusicalduvesinet.fr\/wp-content\/uploads\/2015\/04\/Maurice-Denis-181x300.jpg\" alt=\"Maurice Denis\" width=\"181\" height=\"300\" srcset=\"http:\/\/2019.automnemusicalduvesinet.fr\/wp-content\/uploads\/2015\/04\/Maurice-Denis-181x300.jpg 181w, http:\/\/2019.automnemusicalduvesinet.fr\/wp-content\/uploads\/2015\/04\/Maurice-Denis.jpg 241w\" sizes=\"(max-width: 181px) 100vw, 181px\" \/><\/a>D\u00e8s sa jeunesse et ses \u00e9tudes d\u2019art \u00e0 l\u2019acad\u00e9mie Julian, il fait la connaissance de Paul S\u00e9rusier qui est comme lui \u00e0 la recherche de nouvelles solutions esth\u00e9tiques. Apr\u00e8s la le\u00e7on de peinture donn\u00e9e par Paul Gauguin \u00e0 S\u00e9rusier en 1888 \u00e0 Pont-Aven, le <strong>groupe des Nabis<\/strong> se forme et Maurice Denis en fait partie. Surnomm\u00e9 le \u00ab\u00a0Nabi aux belles ic\u00f4nes\u00a0\u00bb, il est aussi le th\u00e9oricien du groupe.<\/p>\n<\/div>\n<div class=\"main2\">\n<p>D\u2019abord synth\u00e9tique et symbolique, un temps proche de l\u2019Art nouveau, sa peinture s\u2019oriente ensuite vers un classicisme renouvel\u00e9. Les sc\u00e8nes intimes et familiales, les th\u00e8mes religieux, les paysages d\u2019Italie et de Bretagne sont tr\u00e8s pr\u00e9sents dans son \u0153uvre. Outre des tableaux de chevalet, Maurice Denis r\u00e9alise en France et \u00e0 l\u2019\u00e9tranger de grands d\u00e9cors profanes (salon de musique d\u2019Ivan Morosov \u00e0 Moscou, coupole du th\u00e9\u00e2tre des Champs-\u00c9lys\u00e9es \u00e0 Paris\u2026) et religieux (\u00e9glises <strong>Sainte-Marguerite du V\u00e9sinet<\/strong>, Saint-Paul de Gen\u00e8ve, Saint-Louis de Vincennes\u2026). En 1919, il fonde avec Georges Desvalli\u00e8res les Ateliers d\u2019Art sacr\u00e9, dans une perspective de renouveau de l\u2019art chr\u00e9tien. Chercheur et travailleur infatigable, il laisse \u00e0 sa mort en 1943 une \u0153uvre consid\u00e9rable.<\/p>\n<p><a href=\"http:\/\/2019.automnemusicalduvesinet.fr\/wp-content\/uploads\/2015\/07\/Fresques-M-Denis.jpg\"><img loading=\"lazy\" class=\"wp-image-374 aligncenter\" src=\"http:\/\/2019.automnemusicalduvesinet.fr\/wp-content\/uploads\/2015\/07\/Fresques-M-Denis-1024x193.jpg\" alt=\"Fresques M Denis\" width=\"621\" height=\"117\" srcset=\"http:\/\/2019.automnemusicalduvesinet.fr\/wp-content\/uploads\/2015\/07\/Fresques-M-Denis-1024x193.jpg 1024w, http:\/\/2019.automnemusicalduvesinet.fr\/wp-content\/uploads\/2015\/07\/Fresques-M-Denis-300x56.jpg 300w, http:\/\/2019.automnemusicalduvesinet.fr\/wp-content\/uploads\/2015\/07\/Fresques-M-Denis-768x144.jpg 768w\" sizes=\"(max-width: 621px) 100vw, 621px\" \/><\/a><\/p>\n<\/div>\n<p>Maurice Denis r\u00e9alise les <strong>peintures murales de l&#8217;<a href=\"http:\/\/2019.automnemusicalduvesinet.fr\/leglise\/\">\u00e9glise Sainte-Marguerite du V\u00e9sinet<\/a><\/strong> en 1903.\u00a0Endommag\u00e9es par un incendie en 2009, ces fresques magnifiques ont subi une longue et minutieuse restauration qui s&#8217;est termin\u00e9e en 2014.\u00a0Gr\u00e2ce \u00e0 cette restauration, on peut \u00e0 nouveau les admirer dans \u00a0leur beaut\u00e9 originelle.<\/p>\n<p>La pr\u00e9sence de cette oeuvre n&#8217;a pas peu contribu\u00e9 au classement de l&#8217;\u00c9glise en tant que Monument historique, en avril 2016.<\/p>\n<p>&nbsp;<\/p>\n<p>&nbsp;<\/p>\n<p>&nbsp;<\/p>\n<p>&nbsp;<\/p>\n","protected":false},"excerpt":{"rendered":"<p>Maurice Denis &#8220;La musique, de plus en plus a sur ma sensibilit\u00e9 un grand pouvoir&#8221; Maurice Denis Fils d\u2019un employ\u00e9 de la Compagnie des Chemins de Fer de l\u2019Ouest et d\u2019une modiste, Maurice Denis na\u00eet le 25 novembre 1870 \u00e0 Granville dans la Manche, lors d\u2019une mission qu\u2019effectue son p\u00e8re. Ses parents sont install\u00e9s \u00e0 Saint-Germain-en-Laye o\u00f9 il r\u00e9sidera toute sa vie, tout en faisant de fr\u00e9quents s\u00e9jours en Bretagne et en Italie. D\u00e8s sa <a href=\"http:\/\/2019.automnemusicalduvesinet.fr\/?page_id=2\"> <\/a><\/p>\n","protected":false},"author":1,"featured_media":14,"parent":0,"menu_order":3,"comment_status":"open","ping_status":"closed","template":"","meta":[],"_links":{"self":[{"href":"http:\/\/2019.automnemusicalduvesinet.fr\/index.php?rest_route=\/wp\/v2\/pages\/2"}],"collection":[{"href":"http:\/\/2019.automnemusicalduvesinet.fr\/index.php?rest_route=\/wp\/v2\/pages"}],"about":[{"href":"http:\/\/2019.automnemusicalduvesinet.fr\/index.php?rest_route=\/wp\/v2\/types\/page"}],"author":[{"embeddable":true,"href":"http:\/\/2019.automnemusicalduvesinet.fr\/index.php?rest_route=\/wp\/v2\/users\/1"}],"replies":[{"embeddable":true,"href":"http:\/\/2019.automnemusicalduvesinet.fr\/index.php?rest_route=%2Fwp%2Fv2%2Fcomments&post=2"}],"version-history":[{"count":31,"href":"http:\/\/2019.automnemusicalduvesinet.fr\/index.php?rest_route=\/wp\/v2\/pages\/2\/revisions"}],"predecessor-version":[{"id":864,"href":"http:\/\/2019.automnemusicalduvesinet.fr\/index.php?rest_route=\/wp\/v2\/pages\/2\/revisions\/864"}],"wp:featuredmedia":[{"embeddable":true,"href":"http:\/\/2019.automnemusicalduvesinet.fr\/index.php?rest_route=\/wp\/v2\/media\/14"}],"wp:attachment":[{"href":"http:\/\/2019.automnemusicalduvesinet.fr\/index.php?rest_route=%2Fwp%2Fv2%2Fmedia&parent=2"}],"curies":[{"name":"wp","href":"https:\/\/api.w.org\/{rel}","templated":true}]}}